{"id":16044,"date":"2025-10-31T09:15:24","date_gmt":"2025-10-31T09:15:24","guid":{"rendered":"https:\/\/kocakurukahve.com\/?page_id=16044"},"modified":"2025-11-03T15:39:00","modified_gmt":"2025-11-03T15:39:00","slug":"urunlerimiz","status":"publish","type":"page","link":"https:\/\/kocakurukahve.com\/en\/urunlerimiz\/","title":{"rendered":"\u00dcr\u00fcnlerimiz"},"content":{"rendered":"<div data-elementor-type=\"wp-page\" data-elementor-id=\"16044\" class=\"elementor elementor-16044\">\n\t\t\t\t<div class=\"wd-negative-gap elementor-element elementor-element-64d63d8 wd-section-stretch e-flex e-con-boxed e-con e-parent\" data-id=\"64d63d8\" data-element_type=\"container\" data-settings=\"{&quot;background_background&quot;:&quot;classic&quot;}\">\n\t\t\t\t\t<div class=\"e-con-inner\">\n\t\t\t\t<div class=\"elementor-element elementor-element-11efb57 wd-width-100 elementor-widget elementor-widget-wd_title\" data-id=\"11efb57\" data-element_type=\"widget\" data-widget_type=\"wd_title.default\">\n\t\t\t\t<div class=\"elementor-widget-container\">\n\t\t\t\t\t\t\t<div class=\"title-wrapper wd-set-mb reset-last-child wd-title-color-white wd-title-style-default wd-title-size-extra-large text-center\">\n\n\t\t\t\n\t\t\t<div class=\"liner-continer\">\n\t\t\t\t<h1 class=\"woodmart-title-container title wd-fontsize-xxxl\">\u00dcR\u00dcNLER\u0130M\u0130Z<\/h1> \n\t\t\t\t\t\t\t<\/div>\n\n\t\t\t\t\t<\/div>\n\t\t\t\t\t\t<\/div>\n\t\t\t\t<\/div>\n\t\t\t\t\t<\/div>\n\t\t\t\t<\/div>\n\t\t<div class=\"wd-negative-gap elementor-element elementor-element-0125ff1 wd-section-stretch-content e-flex e-con-boxed e-con e-parent\" data-id=\"0125ff1\" data-element_type=\"container\">\n\t\t\t\t\t<div class=\"e-con-inner\">\n\t\t<div class=\"elementor-element elementor-element-0979b52 e-con-full e-flex e-con e-child\" data-id=\"0979b52\" data-element_type=\"container\">\n\t\t\t\t<div class=\"elementor-element elementor-element-f298b7f elementor-widget elementor-widget-wd_banner\" data-id=\"f298b7f\" data-element_type=\"widget\" data-widget_type=\"wd_banner.default\">\n\t\t\t\t<div class=\"elementor-widget-container\">\n\t\t\t\t\t\t\t<div class=\"promo-banner-wrapper\">\n\t\t\t<div class=\"promo-banner banner-content-background banner-hover-parallax color-scheme-light banner-btn-size-default banner-btn-style-default wd-with-link\">\n\t\t\t\t<div class=\"main-wrapp-img\">\n\t\t\t\t\t<div class=\"banner-image wd-without-height\">\n\t\t\t\t\t\t\t\t\t\t\t\t\t\t\t\t\t\t\t\t\t<img fetchpriority=\"high\" decoding=\"async\" width=\"580\" height=\"380\" src=\"https:\/\/kocakurukahve.com\/wp-content\/uploads\/2025\/10\/Koca-Kurukahve-Hakkimizda-Sayfasi-Gorseli-2.webp\" class=\"attachment-full size-full\" alt=\"\" srcset=\"https:\/\/kocakurukahve.com\/wp-content\/uploads\/2025\/10\/Koca-Kurukahve-Hakkimizda-Sayfasi-Gorseli-2.webp 580w, https:\/\/kocakurukahve.com\/wp-content\/uploads\/2025\/10\/Koca-Kurukahve-Hakkimizda-Sayfasi-Gorseli-2-400x262.webp 400w, https:\/\/kocakurukahve.com\/wp-content\/uploads\/2025\/10\/Koca-Kurukahve-Hakkimizda-Sayfasi-Gorseli-2-18x12.webp 18w, https:\/\/kocakurukahve.com\/wp-content\/uploads\/2025\/10\/Koca-Kurukahve-Hakkimizda-Sayfasi-Gorseli-2-430x282.webp 430w, https:\/\/kocakurukahve.com\/wp-content\/uploads\/2025\/10\/Koca-Kurukahve-Hakkimizda-Sayfasi-Gorseli-2-150x98.webp 150w\" sizes=\"(max-width: 580px) 100vw, 580px\" \/>\t\t\t\t\t\t\t\t\t\t\t\t\t\t\t\t\t\t<\/div>\n\t\t\t\t<\/div>\n\n\t\t\t\t<div class=\"wrapper-content-banner wd-fill wd-items-middle wd-justify-center\">\n\t\t\t\t\t<div class=\"content-banner  text-center\">\n\t\t\t\t\t\t\n\t\t\t\t\t\t\t\t\t\t\t\t\t<h4 class=\"banner-title wd-fontsize-l\" data-elementor-setting-key=\"title\">\n\t\t\t\t\t\t\t\tT\u00fcrk Kahvesi\t\t\t\t\t\t\t<\/h4>\n\t\t\t\t\t\t\n\t\t\t\t\t\t\n\t\t\t\t\t\t\n\t\t\t\t\t\t\t\t\t\t\t<\/div>\n\t\t\t\t<\/div>\n\n\t\t\t\t\t\t\t\t\t<a href=\"https:\/\/kocakurukahve.com\/en\/product-category\/turk-kahvesi\/\" class=\"wd-promo-banner-link wd-fill\" aria-label=\"Banner link\"><\/a>\n\t\t\t\t\t\t\t<\/div>\n\t\t<\/div>\n\t\t\t\t\t\t<\/div>\n\t\t\t\t<\/div>\n\t\t\t\t<\/div>\n\t\t<div class=\"elementor-element elementor-element-65af733 e-con-full e-flex e-con e-child\" data-id=\"65af733\" data-element_type=\"container\">\n\t\t\t\t<div class=\"elementor-element elementor-element-9724060 elementor-widget elementor-widget-wd_banner\" data-id=\"9724060\" data-element_type=\"widget\" data-widget_type=\"wd_banner.default\">\n\t\t\t\t<div class=\"elementor-widget-container\">\n\t\t\t\t\t\t\t<div class=\"promo-banner-wrapper\">\n\t\t\t<div class=\"promo-banner banner-content-background banner-hover-parallax color-scheme-light banner-btn-size-default banner-btn-style-default wd-with-link\">\n\t\t\t\t<div class=\"main-wrapp-img\">\n\t\t\t\t\t<div class=\"banner-image wd-without-height\">\n\t\t\t\t\t\t\t\t\t\t\t\t\t\t\t\t\t\t\t\t\t<img decoding=\"async\" width=\"750\" height=\"500\" src=\"https:\/\/kocakurukahve.com\/wp-content\/uploads\/2025\/10\/Turk-Kahvesi-ile-Uyumlu-Tatlar-Yazisi-Kapak-Gorseli-1.webp\" class=\"attachment-full size-full\" alt=\"\" srcset=\"https:\/\/kocakurukahve.com\/wp-content\/uploads\/2025\/10\/Turk-Kahvesi-ile-Uyumlu-Tatlar-Yazisi-Kapak-Gorseli-1.webp 750w, https:\/\/kocakurukahve.com\/wp-content\/uploads\/2025\/10\/Turk-Kahvesi-ile-Uyumlu-Tatlar-Yazisi-Kapak-Gorseli-1-400x267.webp 400w, https:\/\/kocakurukahve.com\/wp-content\/uploads\/2025\/10\/Turk-Kahvesi-ile-Uyumlu-Tatlar-Yazisi-Kapak-Gorseli-1-430x287.webp 430w, https:\/\/kocakurukahve.com\/wp-content\/uploads\/2025\/10\/Turk-Kahvesi-ile-Uyumlu-Tatlar-Yazisi-Kapak-Gorseli-1-700x467.webp 700w, https:\/\/kocakurukahve.com\/wp-content\/uploads\/2025\/10\/Turk-Kahvesi-ile-Uyumlu-Tatlar-Yazisi-Kapak-Gorseli-1-150x100.webp 150w\" sizes=\"(max-width: 750px) 100vw, 750px\" \/>\t\t\t\t\t\t\t\t\t\t\t\t\t\t\t\t\t\t<\/div>\n\t\t\t\t<\/div>\n\n\t\t\t\t<div class=\"wrapper-content-banner wd-fill wd-items-middle wd-justify-center\">\n\t\t\t\t\t<div class=\"content-banner  text-center\">\n\t\t\t\t\t\t\n\t\t\t\t\t\t\t\t\t\t\t\t\t<h4 class=\"banner-title wd-fontsize-l\" data-elementor-setting-key=\"title\">\n\t\t\t\t\t\t\t\tAksesuarlar\t\t\t\t\t\t\t<\/h4>\n\t\t\t\t\t\t\n\t\t\t\t\t\t\n\t\t\t\t\t\t\n\t\t\t\t\t\t\t\t\t\t\t<\/div>\n\t\t\t\t<\/div>\n\n\t\t\t\t\t\t\t\t\t<a href=\"https:\/\/kocakurukahve.com\/en\/product-category\/aksesuarlar\/\" class=\"wd-promo-banner-link wd-fill\" aria-label=\"Banner link\"><\/a>\n\t\t\t\t\t\t\t<\/div>\n\t\t<\/div>\n\t\t\t\t\t\t<\/div>\n\t\t\t\t<\/div>\n\t\t\t\t<\/div>\n\t\t<div class=\"elementor-element elementor-element-92e21ec e-con-full e-flex e-con e-child\" data-id=\"92e21ec\" data-element_type=\"container\">\n\t\t\t\t<div class=\"elementor-element elementor-element-e9a143d elementor-widget elementor-widget-wd_banner\" data-id=\"e9a143d\" data-element_type=\"widget\" data-widget_type=\"wd_banner.default\">\n\t\t\t\t<div class=\"elementor-widget-container\">\n\t\t\t\t\t\t\t<div class=\"promo-banner-wrapper\">\n\t\t\t<div class=\"promo-banner banner-content-background banner-hover-parallax color-scheme-light banner-btn-size-default banner-btn-style-default wd-with-link\">\n\t\t\t\t<div class=\"main-wrapp-img\">\n\t\t\t\t\t<div class=\"banner-image wd-without-height\">\n\t\t\t\t\t\t\t\t\t\t\t\t\t\t\t\t\t\t\t\t\t<img decoding=\"async\" width=\"580\" height=\"380\" src=\"https:\/\/kocakurukahve.com\/wp-content\/uploads\/2025\/10\/Koca-Kuru-Kahve-Sekerleme-Banner-Gorseli-1.webp\" class=\"attachment-full size-full\" alt=\"\" srcset=\"https:\/\/kocakurukahve.com\/wp-content\/uploads\/2025\/10\/Koca-Kuru-Kahve-Sekerleme-Banner-Gorseli-1.webp 580w, https:\/\/kocakurukahve.com\/wp-content\/uploads\/2025\/10\/Koca-Kuru-Kahve-Sekerleme-Banner-Gorseli-1-400x262.webp 400w, https:\/\/kocakurukahve.com\/wp-content\/uploads\/2025\/10\/Koca-Kuru-Kahve-Sekerleme-Banner-Gorseli-1-18x12.webp 18w, https:\/\/kocakurukahve.com\/wp-content\/uploads\/2025\/10\/Koca-Kuru-Kahve-Sekerleme-Banner-Gorseli-1-430x282.webp 430w, https:\/\/kocakurukahve.com\/wp-content\/uploads\/2025\/10\/Koca-Kuru-Kahve-Sekerleme-Banner-Gorseli-1-150x98.webp 150w\" sizes=\"(max-width: 580px) 100vw, 580px\" \/>\t\t\t\t\t\t\t\t\t\t\t\t\t\t\t\t\t\t<\/div>\n\t\t\t\t<\/div>\n\n\t\t\t\t<div class=\"wrapper-content-banner wd-fill wd-items-middle wd-justify-center\">\n\t\t\t\t\t<div class=\"content-banner  text-center\">\n\t\t\t\t\t\t\n\t\t\t\t\t\t\t\t\t\t\t\t\t<h4 class=\"banner-title wd-fontsize-l\" data-elementor-setting-key=\"title\">\n\t\t\t\t\t\t\t\t\u015eekerleme\t\t\t\t\t\t\t<\/h4>\n\t\t\t\t\t\t\n\t\t\t\t\t\t\n\t\t\t\t\t\t\n\t\t\t\t\t\t\t\t\t\t\t<\/div>\n\t\t\t\t<\/div>\n\n\t\t\t\t\t\t\t\t\t<a href=\"https:\/\/kocakurukahve.com\/en\/product-category\/sekerlemeler\/\" class=\"wd-promo-banner-link wd-fill\" aria-label=\"Banner link\"><\/a>\n\t\t\t\t\t\t\t<\/div>\n\t\t<\/div>\n\t\t\t\t\t\t<\/div>\n\t\t\t\t<\/div>\n\t\t\t\t<\/div>\n\t\t\t\t\t<\/div>\n\t\t\t\t<\/div>\n\t\t\t\t<\/div>","protected":false},"excerpt":{"rendered":"<p>\u00dcR\u00dcNLER\u0130M\u0130Z T\u00fcrk Kahvesi Aksesuarlar \u015eekerleme<\/p>","protected":false},"author":1,"featured_media":0,"parent":0,"menu_order":0,"comment_status":"closed","ping_status":"closed","template":"","meta":{"footnotes":""},"class_list":["post-16044","page","type-page","status-publish","hentry"],"jetpack_sharing_enabled":true,"_links":{"self":[{"href":"https:\/\/kocakurukahve.com\/en\/wp-json\/wp\/v2\/pages\/16044","targetHints":{"allow":["GET"]}}],"collection":[{"href":"https:\/\/kocakurukahve.com\/en\/wp-json\/wp\/v2\/pages"}],"about":[{"href":"https:\/\/kocakurukahve.com\/en\/wp-json\/wp\/v2\/types\/page"}],"author":[{"embeddable":true,"href":"https:\/\/kocakurukahve.com\/en\/wp-json\/wp\/v2\/users\/1"}],"replies":[{"embeddable":true,"href":"https:\/\/kocakurukahve.com\/en\/wp-json\/wp\/v2\/comments?post=16044"}],"version-history":[{"count":7,"href":"https:\/\/kocakurukahve.com\/en\/wp-json\/wp\/v2\/pages\/16044\/revisions"}],"predecessor-version":[{"id":16127,"href":"https:\/\/kocakurukahve.com\/en\/wp-json\/wp\/v2\/pages\/16044\/revisions\/16127"}],"wp:attachment":[{"href":"https:\/\/kocakurukahve.com\/en\/wp-json\/wp\/v2\/media?parent=16044"}],"curies":[{"name":"wp","href":"https:\/\/api.w.org\/{rel}","templated":true}]}}