{"id":16185,"date":"2025-11-11T22:34:16","date_gmt":"2025-11-11T22:34:16","guid":{"rendered":"https:\/\/kocakurukahve.com\/?post_type=product&#038;p=16185"},"modified":"2025-11-11T22:34:16","modified_gmt":"2025-11-11T22:34:16","slug":"500-gr-turk-kahvesi-5-adet-100gr-koca-kuru-kahve","status":"publish","type":"product","link":"https:\/\/kocakurukahve.com\/en\/product\/500-gr-turk-kahvesi-5-adet-100gr-koca-kuru-kahve\/","title":{"rendered":"500 Gr. T\u00fcrk Kahvesi (5 Adet 100gr.) Koca Kuru Kahve"},"content":{"rendered":"<h3 data-start=\"130\" data-end=\"181\"><strong data-start=\"136\" data-end=\"181\">Koca T\u00fcrk Kahvesi \u2013 5\u2019li 100 g Paket Seti<\/strong><\/h3>\n<p data-start=\"183\" data-end=\"479\">\u00dc\u00e7 nesildir s\u00fcregelen aile gelene\u011fimizle, her pakette eme\u011fi ve kahvenin ger\u00e7ek ruhunu ya\u015fat\u0131yoruz.<br data-start=\"281\" data-end=\"284\" \/>Koca Kuru Kahve olarak, kahvelerimizi \u00f6zenle kavurur, ard\u0131ndan Fo\u00e7a ta\u015f\u0131 de\u011firmenlerinde yava\u015f\u00e7a \u00f6\u011f\u00fct\u00fcr\u00fcz. Bu \u00f6zel \u00f6\u011f\u00fctme y\u00f6ntemi, kahvenin aromas\u0131 ve tazeli\u011fini en do\u011fal h\u00e2liyle korur.<\/p>\n<p data-start=\"481\" data-end=\"676\">Her fincanda; taze kavrulmu\u015f \u00e7ekirdeklerin s\u0131cak kokusu, y\u0131llar\u0131n deneyimiyle harmanlanm\u0131\u015f bir lezzet sakl\u0131d\u0131r.<br data-start=\"592\" data-end=\"595\" \/>Koca Kuru Kahve \u2013 ge\u00e7mi\u015ften bug\u00fcne uzanan bir tat, her yudumda emek ve sadelik.<\/p>","protected":false},"excerpt":{"rendered":"<p>500 gr. T\u00fcrk Kahvesi ( 5 Adet 100gr.)<\/p>","protected":false},"featured_media":16178,"comment_status":"open","ping_status":"closed","template":"","meta":[],"product_brand":[],"product_cat":[73],"product_tag":[],"class_list":{"0":"post-16185","1":"product","2":"type-product","3":"status-publish","4":"has-post-thumbnail","6":"product_cat-turk-kahvesi","8":"first","9":"instock","10":"sale","11":"shipping-taxable","12":"purchasable","13":"product-type-simple"},"jetpack_sharing_enabled":true,"_links":{"self":[{"href":"https:\/\/kocakurukahve.com\/en\/wp-json\/wp\/v2\/product\/16185","targetHints":{"allow":["GET"]}}],"collection":[{"href":"https:\/\/kocakurukahve.com\/en\/wp-json\/wp\/v2\/product"}],"about":[{"href":"https:\/\/kocakurukahve.com\/en\/wp-json\/wp\/v2\/types\/product"}],"replies":[{"embeddable":true,"href":"https:\/\/kocakurukahve.com\/en\/wp-json\/wp\/v2\/comments?post=16185"}],"version-history":[{"count":1,"href":"https:\/\/kocakurukahve.com\/en\/wp-json\/wp\/v2\/product\/16185\/revisions"}],"predecessor-version":[{"id":16186,"href":"https:\/\/kocakurukahve.com\/en\/wp-json\/wp\/v2\/product\/16185\/revisions\/16186"}],"wp:featuredmedia":[{"embeddable":true,"href":"https:\/\/kocakurukahve.com\/en\/wp-json\/wp\/v2\/media\/16178"}],"wp:attachment":[{"href":"https:\/\/kocakurukahve.com\/en\/wp-json\/wp\/v2\/media?parent=16185"}],"wp:term":[{"taxonomy":"product_brand","embeddable":true,"href":"https:\/\/kocakurukahve.com\/en\/wp-json\/wp\/v2\/product_brand?post=16185"},{"taxonomy":"product_cat","embeddable":true,"href":"https:\/\/kocakurukahve.com\/en\/wp-json\/wp\/v2\/product_cat?post=16185"},{"taxonomy":"product_tag","embeddable":true,"href":"https:\/\/kocakurukahve.com\/en\/wp-json\/wp\/v2\/product_tag?post=16185"}],"curies":[{"name":"wp","href":"https:\/\/api.w.org\/{rel}","templated":true}]}}