{"id":16200,"date":"2025-11-20T17:51:25","date_gmt":"2025-11-20T17:51:25","guid":{"rendered":"https:\/\/kocakurukahve.com\/?post_type=product&#038;p=16200"},"modified":"2025-11-20T17:51:25","modified_gmt":"2025-11-20T17:51:25","slug":"mevlana-sekeri-200-gr","status":"publish","type":"product","link":"https:\/\/kocakurukahve.com\/en\/product\/mevlana-sekeri-200-gr\/","title":{"rendered":"Mevlana \u015eekeri 200 Gr."},"content":{"rendered":"<p data-start=\"402\" data-end=\"483\"><strong data-start=\"402\" data-end=\"483\">Dursunbey\u2019in yerel ustalar\u0131ndan gelen hafif, leziz ve taptaze Mevlana \u015fekeri.<\/strong><\/p>\n<p data-start=\"485\" data-end=\"776\">Dursunbey\u2019in y\u0131llard\u0131r de\u011fi\u015fmeyen tat gelene\u011fini ya\u015fatan yerel \u00fcreticilerden \u00f6zenle se\u00e7ti\u011fimiz Mevlana \u015fekeri, hafif dokusu ve a\u011f\u0131zda da\u011f\u0131lan yap\u0131s\u0131yla herkesin severek t\u00fcketti\u011fi klasik bir y\u00f6resel lezzettir. Temiz i\u00e7erikli, hafif \u015fekerli tad\u0131 ve geleneksel \u00fcretim anlay\u0131\u015f\u0131yla \u00f6ne \u00e7\u0131kar.<\/p>","protected":false},"excerpt":{"rendered":"<p>200Gr. paket i\u00e7eri\u011fine sahip Mevlana \u015fekeri<\/p>","protected":false},"featured_media":16201,"comment_status":"open","ping_status":"closed","template":"","meta":[],"product_brand":[],"product_cat":[75],"product_tag":[],"class_list":{"0":"post-16200","1":"product","2":"type-product","3":"status-publish","4":"has-post-thumbnail","6":"product_cat-sekerlemeler","8":"first","9":"instock","10":"sale","11":"shipping-taxable","12":"purchasable","13":"product-type-simple"},"jetpack_sharing_enabled":true,"_links":{"self":[{"href":"https:\/\/kocakurukahve.com\/en\/wp-json\/wp\/v2\/product\/16200","targetHints":{"allow":["GET"]}}],"collection":[{"href":"https:\/\/kocakurukahve.com\/en\/wp-json\/wp\/v2\/product"}],"about":[{"href":"https:\/\/kocakurukahve.com\/en\/wp-json\/wp\/v2\/types\/product"}],"replies":[{"embeddable":true,"href":"https:\/\/kocakurukahve.com\/en\/wp-json\/wp\/v2\/comments?post=16200"}],"version-history":[{"count":1,"href":"https:\/\/kocakurukahve.com\/en\/wp-json\/wp\/v2\/product\/16200\/revisions"}],"predecessor-version":[{"id":16202,"href":"https:\/\/kocakurukahve.com\/en\/wp-json\/wp\/v2\/product\/16200\/revisions\/16202"}],"wp:featuredmedia":[{"embeddable":true,"href":"https:\/\/kocakurukahve.com\/en\/wp-json\/wp\/v2\/media\/16201"}],"wp:attachment":[{"href":"https:\/\/kocakurukahve.com\/en\/wp-json\/wp\/v2\/media?parent=16200"}],"wp:term":[{"taxonomy":"product_brand","embeddable":true,"href":"https:\/\/kocakurukahve.com\/en\/wp-json\/wp\/v2\/product_brand?post=16200"},{"taxonomy":"product_cat","embeddable":true,"href":"https:\/\/kocakurukahve.com\/en\/wp-json\/wp\/v2\/product_cat?post=16200"},{"taxonomy":"product_tag","embeddable":true,"href":"https:\/\/kocakurukahve.com\/en\/wp-json\/wp\/v2\/product_tag?post=16200"}],"curies":[{"name":"wp","href":"https:\/\/api.w.org\/{rel}","templated":true}]}}