{"id":16221,"date":"2026-02-04T19:37:39","date_gmt":"2026-02-04T19:37:39","guid":{"rendered":"https:\/\/kocakurukahve.com\/?post_type=product&#038;p=16221"},"modified":"2026-02-04T19:37:39","modified_gmt":"2026-02-04T19:37:39","slug":"hurma-badem-bitter-cikolata-kapli-200-gr","status":"publish","type":"product","link":"https:\/\/kocakurukahve.com\/en\/product\/hurma-badem-bitter-cikolata-kapli-200-gr\/","title":{"rendered":"Hurma &#038; Badem &#8211; Bitter \u00c7ikolata Kapl\u0131 200 Gr."},"content":{"rendered":"<p data-start=\"407\" data-end=\"651\">\u00d6zenle se\u00e7ilmi\u015f yumu\u015fak hurmalar, b\u00fct\u00fcn bademle doldurularak yo\u011fun aromal\u0131 bitter \u00e7ikolata ile kaplan\u0131r.<br data-start=\"511\" data-end=\"514\" \/>Hurma tatl\u0131l\u0131\u011f\u0131, bademin k\u0131t\u0131rl\u0131\u011f\u0131 ve bitter \u00e7ikolatan\u0131n karakteristik tad\u0131 bir araya gelerek g\u00fc\u00e7l\u00fc ama dengeli bir lezzet profili sunar.<\/p>\n<p data-start=\"653\" data-end=\"926\">\u00d6zellikle T\u00fcrk kahvesi ve espresso yan\u0131nda ideal bir e\u015flik\u00e7idir.<br data-start=\"717\" data-end=\"720\" \/>Yo\u011fun tat sevenler i\u00e7in kahve keyfini tamamlayan, tatl\u0131 ihtiyac\u0131n\u0131 bast\u0131r\u0131rken aromas\u0131yla \u00f6ne \u00e7\u0131kan \u00f6zel bir ikraml\u0131kt\u0131r.<br data-start=\"841\" data-end=\"844\" \/>Tek tek ambalajlanm\u0131\u015f olmas\u0131 sayesinde tazeli\u011fini korur ve pratik kullan\u0131m sa\u011flar.<\/p>","protected":false},"excerpt":{"rendered":"<p>Se\u00e7kin hurmalar\u0131n b\u00fct\u00fcn bademle doldurulup bitter \u00e7ikolata ile kapland\u0131\u011f\u0131, kahve yan\u0131nda g\u00fc\u00e7l\u00fc ve dengeli bir lezzet.<\/p>","protected":false},"featured_media":16222,"comment_status":"open","ping_status":"closed","template":"","meta":[],"product_brand":[],"product_cat":[75],"product_tag":[],"class_list":{"0":"post-16221","1":"product","2":"type-product","3":"status-publish","4":"has-post-thumbnail","6":"product_cat-sekerlemeler","8":"first","9":"instock","10":"sale","11":"shipping-taxable","12":"purchasable","13":"product-type-simple"},"jetpack_sharing_enabled":true,"_links":{"self":[{"href":"https:\/\/kocakurukahve.com\/en\/wp-json\/wp\/v2\/product\/16221","targetHints":{"allow":["GET"]}}],"collection":[{"href":"https:\/\/kocakurukahve.com\/en\/wp-json\/wp\/v2\/product"}],"about":[{"href":"https:\/\/kocakurukahve.com\/en\/wp-json\/wp\/v2\/types\/product"}],"replies":[{"embeddable":true,"href":"https:\/\/kocakurukahve.com\/en\/wp-json\/wp\/v2\/comments?post=16221"}],"version-history":[{"count":1,"href":"https:\/\/kocakurukahve.com\/en\/wp-json\/wp\/v2\/product\/16221\/revisions"}],"predecessor-version":[{"id":16223,"href":"https:\/\/kocakurukahve.com\/en\/wp-json\/wp\/v2\/product\/16221\/revisions\/16223"}],"wp:featuredmedia":[{"embeddable":true,"href":"https:\/\/kocakurukahve.com\/en\/wp-json\/wp\/v2\/media\/16222"}],"wp:attachment":[{"href":"https:\/\/kocakurukahve.com\/en\/wp-json\/wp\/v2\/media?parent=16221"}],"wp:term":[{"taxonomy":"product_brand","embeddable":true,"href":"https:\/\/kocakurukahve.com\/en\/wp-json\/wp\/v2\/product_brand?post=16221"},{"taxonomy":"product_cat","embeddable":true,"href":"https:\/\/kocakurukahve.com\/en\/wp-json\/wp\/v2\/product_cat?post=16221"},{"taxonomy":"product_tag","embeddable":true,"href":"https:\/\/kocakurukahve.com\/en\/wp-json\/wp\/v2\/product_tag?post=16221"}],"curies":[{"name":"wp","href":"https:\/\/api.w.org\/{rel}","templated":true}]}}