{"id":16224,"date":"2026-02-04T19:40:47","date_gmt":"2026-02-04T19:40:47","guid":{"rendered":"https:\/\/kocakurukahve.com\/?post_type=product&#038;p=16224"},"modified":"2026-02-04T19:40:47","modified_gmt":"2026-02-04T19:40:47","slug":"hurma-badem-beyaz-cikolata-kapli-200-gr","status":"publish","type":"product","link":"https:\/\/kocakurukahve.com\/en\/product\/hurma-badem-beyaz-cikolata-kapli-200-gr\/","title":{"rendered":"Hurma &#038; Badem \u2013 Beyaz \u00c7ikolata Kapl\u0131 200 Gr."},"content":{"rendered":"<p data-start=\"363\" data-end=\"602\">\u00d6zenle se\u00e7ilmi\u015f hurmalar, b\u00fct\u00fcn bademle doldurularak beyaz \u00e7ikolatan\u0131n kremsi ve yumu\u015fak tad\u0131yla kaplan\u0131r.<br data-start=\"469\" data-end=\"472\" \/>Hurma tatl\u0131l\u0131\u011f\u0131, bademin k\u0131t\u0131rl\u0131\u011f\u0131 ve beyaz \u00e7ikolatan\u0131n dengeli aromas\u0131 bir araya gelerek hafif ama tatmin edici bir lezzet sunar.<\/p>\n<p data-start=\"604\" data-end=\"851\">\u00d6zellikle T\u00fcrk kahvesi ve filtre kahve yan\u0131nda ideal bir e\u015flik\u00e7idir.<br data-start=\"672\" data-end=\"675\" \/>Tatl\u0131 ihtiyac\u0131n\u0131 bast\u0131ran ama yormayan yap\u0131s\u0131yla ikraml\u0131k olarak da s\u0131kl\u0131kla tercih edilir.<br data-start=\"766\" data-end=\"769\" \/>Tek tek ambalajlanm\u0131\u015f olmas\u0131 sayesinde tazeli\u011fini korur ve pratik kullan\u0131m sa\u011flar.<\/p>","protected":false},"excerpt":{"rendered":"<p>Yumu\u015fak hurma ve b\u00fct\u00fcn bademin, beyaz \u00e7ikolatan\u0131n ipeksi dokusuyla bulu\u015ftu\u011fu; kahve yan\u0131nda keyifle t\u00fcketilen hafif bir lezzet.<\/p>","protected":false},"featured_media":16225,"comment_status":"open","ping_status":"closed","template":"","meta":[],"product_brand":[],"product_cat":[75],"product_tag":[],"class_list":{"0":"post-16224","1":"product","2":"type-product","3":"status-publish","4":"has-post-thumbnail","6":"product_cat-sekerlemeler","8":"first","9":"instock","10":"sale","11":"shipping-taxable","12":"purchasable","13":"product-type-simple"},"jetpack_sharing_enabled":true,"_links":{"self":[{"href":"https:\/\/kocakurukahve.com\/en\/wp-json\/wp\/v2\/product\/16224","targetHints":{"allow":["GET"]}}],"collection":[{"href":"https:\/\/kocakurukahve.com\/en\/wp-json\/wp\/v2\/product"}],"about":[{"href":"https:\/\/kocakurukahve.com\/en\/wp-json\/wp\/v2\/types\/product"}],"replies":[{"embeddable":true,"href":"https:\/\/kocakurukahve.com\/en\/wp-json\/wp\/v2\/comments?post=16224"}],"version-history":[{"count":1,"href":"https:\/\/kocakurukahve.com\/en\/wp-json\/wp\/v2\/product\/16224\/revisions"}],"predecessor-version":[{"id":16226,"href":"https:\/\/kocakurukahve.com\/en\/wp-json\/wp\/v2\/product\/16224\/revisions\/16226"}],"wp:featuredmedia":[{"embeddable":true,"href":"https:\/\/kocakurukahve.com\/en\/wp-json\/wp\/v2\/media\/16225"}],"wp:attachment":[{"href":"https:\/\/kocakurukahve.com\/en\/wp-json\/wp\/v2\/media?parent=16224"}],"wp:term":[{"taxonomy":"product_brand","embeddable":true,"href":"https:\/\/kocakurukahve.com\/en\/wp-json\/wp\/v2\/product_brand?post=16224"},{"taxonomy":"product_cat","embeddable":true,"href":"https:\/\/kocakurukahve.com\/en\/wp-json\/wp\/v2\/product_cat?post=16224"},{"taxonomy":"product_tag","embeddable":true,"href":"https:\/\/kocakurukahve.com\/en\/wp-json\/wp\/v2\/product_tag?post=16224"}],"curies":[{"name":"wp","href":"https:\/\/api.w.org\/{rel}","templated":true}]}}